{"id":9,"date":"2025-02-10T17:26:34","date_gmt":"2025-02-10T16:26:34","guid":{"rendered":"https:\/\/thinksmart.fejlesztokhaza.hu\/?page_id=9"},"modified":"2025-02-10T18:52:56","modified_gmt":"2025-02-10T17:52:56","slug":"erp","status":"publish","type":"page","link":"https:\/\/thinksmart.fejlesztokhaza.hu\/?page_id=9","title":{"rendered":"ERP, vagy v\u00e1llalatir\u00e1ny\u00edt\u00e1si rendszerek"},"content":{"rendered":"\n<h1 class=\"wp-block-heading\">ERP, vagy v\u00e1llalatir\u00e1ny\u00edt\u00e1si rendszerek<\/h1>\n\n\n<div class=\"wp-block-image\">\n<figure class=\"alignleft size-full is-resized\"><img loading=\"lazy\" decoding=\"async\" width=\"397\" height=\"395\" src=\"https:\/\/thinksmart.fejlesztokhaza.hu\/wp-content\/uploads\/2025\/02\/IMG5.png\" alt=\"\" class=\"wp-image-34\" style=\"width:339px;height:auto\" srcset=\"https:\/\/thinksmart.fejlesztokhaza.hu\/wp-content\/uploads\/2025\/02\/IMG5.png 397w, https:\/\/thinksmart.fejlesztokhaza.hu\/wp-content\/uploads\/2025\/02\/IMG5-300x298.png 300w, https:\/\/thinksmart.fejlesztokhaza.hu\/wp-content\/uploads\/2025\/02\/IMG5-150x150.png 150w\" sizes=\"auto, (max-width: 397px) 100vw, 397px\" \/><\/figure>\n<\/div>\n\n\n<p>Az ERP rendszerek c\u00e9lja, hogy a c\u00e9gek alapvet\u0151 \u00fczleti folyamatait \u00e1tl\u00e1that\u00f3bb\u00e1 tegye, hogy k\u00f6nnyebb legyen menedzselni \u00e9s nyomon k\u00f6vetni a teljes szervezet munkafolyamatait \u00e9s ezzel megk\u00f6nny\u00edtse a d\u00f6nt\u00e9seket, k\u00f6nnyen \u00e1tl\u00e1that\u00f3, szem\u00e9lyre szabott fel\u00fcleteken. Az ERP szoftverek c\u00e9lja, hogy t\u00e1mogass\u00e1k a v\u00e1llalatok m\u0171k\u00f6d\u00e9s\u00e9t egy k\u00f6zponti platform r\u00e9v\u00e9n, amely biztos\u00edtja az adatok pontos \u00e9s id\u0151ben aktu\u00e1lis el\u00e9rhet\u0151s\u00e9g\u00e9t. Ezek a rendszerek integr\u00e1lj\u00e1k a k\u00fcl\u00f6nb\u00f6z\u0151 funkcion\u00e1lis ter\u00fcleteket, mint p\u00e9ld\u00e1ul a p\u00e9nz\u00fcgy, a logisztika \u00e9s a termel\u00e9s inform\u00e1ci\u00f3it, lehet\u0151v\u00e9 t\u00e9ve a val\u00f3s idej\u0171 adatszolg\u00e1ltat\u00e1st a menedzserek \u00e9s alkalmazottak sz\u00e1m\u00e1ra. Ezzel a transzparencia n\u00f6velhet\u0151, mivel a teljes \u00fczleti folyamat nyomon k\u00f6vethet\u0151, ami lehet\u0151v\u00e9 teszi a d\u00f6nt\u00e9shozatalt.<\/p>\n\n\n\n<p>Az ERP rendszerek kulcsfontoss\u00e1g\u00fa \u00f6sszetev\u0151i k\u00f6z\u00e9 tartoznak az adatok t\u00e1rol\u00e1s\u00e1nak \u00e9s megoszt\u00e1s\u00e1nak k\u00e9pess\u00e9gei, amelyek jav\u00edtj\u00e1k a v\u00e1llalati folyamatokat Az ERP rendszerek automatiz\u00e1lj\u00e1k \u00e9s optimaliz\u00e1lj\u00e1k a v\u00e1llalati folyamatokat, p\u00e9ld\u00e1ul a termel\u00e9si folyamatok tervez\u00e9s\u00e9t \u00e9s menedzsmentj\u00e9t. Ezen rendszerek r\u00e9v\u00e9n a v\u00e1llalatok cs\u00f6kkenthetik az inform\u00e1ci\u00f3s szigetek sz\u00e1m\u00e1t, ami azt jelenti, hogy az adatok k\u00f6nnyen megoszthat\u00f3k \u00e9s \u00e1ttekinthet\u0151k az eg\u00e9sz szervezeten bel\u00fcl. Ez a hozz\u00e1f\u00e9rhet\u0151s\u00e9g nemcsak a hat\u00e9konys\u00e1got n\u00f6veli, hanem a csapatok k\u00f6z\u00f6tti egy\u00fcttm\u0171k\u00f6d\u00e9st is jav\u00edtja.<\/p>\n\n\n\n<p>Az el\u00e9rhet\u0151 ERP-szoftverek t\u00edpusai sz\u00e9les spektrumot \u00f6lelnek fel, \u00e9s k\u00fcl\u00f6nb\u00f6z\u0151 ig\u00e9nyekhez igazodnak. A <strong>ThinkSmart ERP<\/strong> \u00e1ltal k\u00edn\u00e1lt felh\u0151alap\u00fa megold\u00e1sok, a helyben telep\u00edtett rendszerek vagy modellek, att\u00f3l f\u00fcgg\u0151en, hogy milyen m\u00e9rt\u00e9k\u0171 rugalmass\u00e1gra, sk\u00e1l\u00e1zhat\u00f3s\u00e1gra \u00e9s k\u00f6lts\u00e9ghat\u00e9konys\u00e1gra van sz\u00fcks\u00e9g\u00fck. Ezen k\u00edv\u00fcl, a <strong>ThinkSmart ERP<\/strong> egyedileg testreszabhat\u00f3, hogy megfeleljenek a k\u00fcl\u00f6nb\u00f6z\u0151 ipar\u00e1gak \u00e9s v\u00e1llalati strukt\u00far\u00e1k saj\u00e1tos k\u00f6vetelm\u00e9nyeinek. A <strong>ThinkSmart ERP<\/strong> bevezet\u00e9se lehet\u0151v\u00e9 teszi a v\u00e1llalatok sz\u00e1m\u00e1ra, hogy jobban alkalmazkodjanak a piaci v\u00e1ltoz\u00e1sokhoz \u00e9s jav\u00edts\u00e1k versenyk\u00e9pess\u00e9g\u00fcket.<\/p>\n\n\n\n<p><\/p>\n\n\n\n<h1 class=\"wp-block-heading\">Az ERP-rendszerek bevezet\u00e9s\u00e9nek el\u0151nyei a szervezetekben<\/h1>\n\n\n\n<p>Az <strong>ThinkSmart ERP<\/strong> rendszer bevezet\u00e9s\u00e9nek egyik els\u0151dleges el\u0151nye a szervezetekben az \u00fczleti folyamatok egyszer\u0171s\u00edt\u00e9se. Az ERP-szoftver a k\u00fcl\u00f6nb\u00f6z\u0151 \u00fczleti funkci\u00f3kat \u2013 p\u00e9ld\u00e1ul a gy\u00e1rt\u00e1st, az emberi er\u0151forr\u00e1sokat \u00e9s az ell\u00e1t\u00e1si l\u00e1nc kezel\u00e9s\u00e9t \u2013 egyetlen platformba integr\u00e1lja, lehet\u0151v\u00e9 t\u00e9ve a hat\u00e9kony adat\u00e1raml\u00e1st \u00e9s a r\u00e9szlegek k\u00f6z\u00f6tti kommunik\u00e1ci\u00f3t. Ez az integr\u00e1ci\u00f3 nemcsak minimaliz\u00e1lja a redundanci\u00e1kat, hanem n\u00f6veli a szervezet \u00e1ltal\u00e1nos hat\u00e9konys\u00e1g\u00e1t is. Ennek eredm\u00e9nyek\u00e9nt az alkalmazottak a nagyobb \u00e9rt\u00e9k\u0171 feladatokra koncentr\u00e1lhatnak, \u00e9s nem vesznek el a manu\u00e1lis folyamatokban.<\/p>\n\n\n\n<p><\/p>\n\n\n\n<h1 class=\"wp-block-heading\"><strong>Az egyszer\u0171s\u00edtett folyamatok f\u0151 el\u0151nyei:<\/strong><\/h1>\n\n\n\n<ul class=\"wp-block-list\">\n<li>M\u0171k\u00f6d\u00e9si k\u00f6lts\u00e9gek cs\u00f6kkent\u00e9se<\/li>\n\n\n\n<li>Megn\u00f6vekedett termel\u00e9kenys\u00e9g<\/li>\n\n\n\n<li>Javul\u00f3 vev\u0151i el\u00e9gedett<\/li>\n<\/ul>\n\n\n\n<p><\/p>\n\n\n<div class=\"wp-block-image\">\n<figure class=\"alignleft size-full is-resized\"><img loading=\"lazy\" decoding=\"async\" width=\"586\" height=\"323\" src=\"https:\/\/thinksmart.fejlesztokhaza.hu\/wp-content\/uploads\/2025\/02\/IMG6.png\" alt=\"\" class=\"wp-image-35\" style=\"width:432px;height:auto\" srcset=\"https:\/\/thinksmart.fejlesztokhaza.hu\/wp-content\/uploads\/2025\/02\/IMG6.png 586w, https:\/\/thinksmart.fejlesztokhaza.hu\/wp-content\/uploads\/2025\/02\/IMG6-300x165.png 300w\" sizes=\"auto, (max-width: 586px) 100vw, 586px\" \/><\/figure>\n<\/div>\n\n\n<p>A m\u0171veletek egyszer\u0171s\u00edt\u00e9se mellett a <strong>ThinkSmart ERP<\/strong> rendszerek jelent\u0151sen jav\u00edtj\u00e1k az adatok pontoss\u00e1g\u00e1t \u00e9s hozz\u00e1f\u00e9rhet\u0151s\u00e9g\u00e9t. Az inform\u00e1ci\u00f3k k\u00f6zpontos\u00edt\u00e1s\u00e1val a szervezetek biztos\u00edthatj\u00e1k, hogy minden oszt\u00e1ly ugyanazokkal a naprak\u00e9sz adatokkal dolgozzon, cs\u00f6kkentve ezzel az elt\u00e9r\u0151 rendszerekb\u0151l ered\u0151 hib\u00e1k val\u00f3sz\u00edn\u0171s\u00e9g\u00e9t. Ez az \u00e1tl\u00e1that\u00f3s\u00e1g kulcsfontoss\u00e1g\u00fa a hat\u00e9kony d\u00f6nt\u00e9shozatalhoz, mivel lehet\u0151v\u00e9 teszi a vezet\u00e9s sz\u00e1m\u00e1ra, hogy pontos adatokra hagyatkozzon az intu\u00edci\u00f3 helyett. Ezen t\u00falmen\u0151en a tov\u00e1bbfejlesztett adatok hozz\u00e1f\u00e9rhet\u0151s\u00e9ge lehet\u0151v\u00e9 teszi az alkalmazottak sz\u00e1m\u00e1ra, hogy minden szinten gyorsan lek\u00e9rj\u00e9k a kritikus inform\u00e1ci\u00f3kat, el\u0151seg\u00edtve az adatk\u00f6zpont\u00fa kult\u00far\u00e1t a szervezeten bel\u00fcl. Az eredm\u00e9ny egy t\u00e1j\u00e9kozottabb munkaer\u0151, amely gyorsan tud reag\u00e1lni a piaci v\u00e1ltoz\u00e1sokra \u00e9s az \u00fcgyfelek ig\u00e9nyeire.<\/p>\n\n\n\n<p>A r\u00e9szlegek k\u00f6z\u00f6tti fokozott egy\u00fcttm\u0171k\u00f6d\u00e9s az ERP-rendszerek m\u00e1sik jelent\u0151s el\u0151nye. A <strong>ThinkSmart ERP<\/strong> a z\u00f6kken\u0151mentes kommunik\u00e1ci\u00f3 el\u0151seg\u00edt\u00e9s\u00e9vel lehet\u0151v\u00e9 teszi a k\u00fcl\u00f6nb\u00f6z\u0151 r\u00e9szlegek sz\u00e1m\u00e1ra, hogy hat\u00e9konyabban dolgozzanak egy\u00fctt a k\u00f6z\u00f6s c\u00e9lok \u00e9rdek\u00e9ben. Ez a tov\u00e1bbfejlesztett egy\u00fcttm\u0171k\u00f6d\u00e9s k\u00fcl\u00f6n\u00f6sen el\u0151ny\u00f6s azokn\u00e1l a projektekn\u00e9l, amelyek t\u00f6bb r\u00e9szleg k\u00f6zrem\u0171k\u00f6d\u00e9s\u00e9t ig\u00e9nylik, mivel lehet\u0151v\u00e9 teszi az inform\u00e1ci\u00f3k \u00e9s er\u0151forr\u00e1sok val\u00f3s idej\u0171 megoszt\u00e1s\u00e1t. P\u00e9ld\u00e1ul az \u00e9rt\u00e9kes\u00edt\u00e9si csapatok k\u00f6nnyen hozz\u00e1f\u00e9rhetnek a k\u00e9szletadatokhoz, m\u00edg a termel\u00e9s figyelemmel k\u00eds\u00e9rheti az \u00e9rt\u00e9kes\u00edt\u00e9si el\u0151rejelz\u00e9seket, ami az er\u0151fesz\u00edt\u00e9sek jobb \u00f6sszehangol\u00e1s\u00e1t eredm\u00e9nyezi. V\u00e9gs\u0151 soron a fokozott egy\u00fcttm\u0171k\u00f6d\u00e9s nemcsak az \u00e1ltal\u00e1nos hat\u00e9konys\u00e1got n\u00f6veli, hanem a szervezeten bel\u00fcli innov\u00e1ci\u00f3t \u00e9s reag\u00e1l\u00f3k\u00e9pess\u00e9get is \u00f6szt\u00f6nzi.<\/p>\n\n\n\n<p><\/p>\n\n\n\n<h1 class=\"wp-block-heading\"><strong>Hogyan seg\u00edtik az ERP-rendszerek az adatkezel\u00e9st \u00e9s a d\u00f6nt\u00e9shozatalt<\/strong><\/h1>\n\n\n<div class=\"wp-block-image\">\n<figure class=\"alignright size-full is-resized\"><img loading=\"lazy\" decoding=\"async\" width=\"516\" height=\"385\" src=\"https:\/\/thinksmart.fejlesztokhaza.hu\/wp-content\/uploads\/2025\/02\/IMG7.png\" alt=\"\" class=\"wp-image-36\" style=\"width:273px;height:auto\" srcset=\"https:\/\/thinksmart.fejlesztokhaza.hu\/wp-content\/uploads\/2025\/02\/IMG7.png 516w, https:\/\/thinksmart.fejlesztokhaza.hu\/wp-content\/uploads\/2025\/02\/IMG7-300x224.png 300w\" sizes=\"auto, (max-width: 516px) 100vw, 516px\" \/><\/figure>\n<\/div>\n\n\n<p>A k\u00f6zponti adatt\u00e1r l\u00e9trehoz\u00e1sa a <strong>ThinkSmart ERP<\/strong> rendszerek egyik legfontosabb el\u0151nye, mivel lehet\u0151v\u00e9 teszi az adatok egys\u00e9ges kezel\u00e9s\u00e9t \u00e9s t\u00e1rol\u00e1s\u00e1t. Az ERP szoftverek integr\u00e1lj\u00e1k a k\u00fcl\u00f6nb\u00f6z\u0151 \u00fczleti folyamatokat \u00e9s funkci\u00f3kat, mint p\u00e9ld\u00e1ul a beszerz\u00e9s, gy\u00e1rt\u00e1s, \u00e9rt\u00e9kes\u00edt\u00e9s \u00e9s p\u00e9nz\u00fcgy. Ez a centraliz\u00e1lt adatkezel\u00e9s nemcsak a hat\u00e9konys\u00e1got n\u00f6veli, hanem a pontos \u00e9s megb\u00edzhat\u00f3 inform\u00e1ci\u00f3khoz val\u00f3 hozz\u00e1f\u00e9r\u00e9st is biztos\u00edtja. A k\u00f6zponti adatt\u00e1r lehet\u0151v\u00e9 teszi a k\u00fcl\u00f6nb\u00f6z\u0151 r\u00e9szlegek k\u00f6z\u00f6tti z\u00f6kken\u0151mentes egy\u00fcttm\u0171k\u00f6d\u00e9st, \u00edgy a munkat\u00e1rsak gyorsan \u00e9s egyszer\u0171en hozz\u00e1f\u00e9rhetnek az \u00e1ltaluk sz\u00fcks\u00e9ges inform\u00e1ci\u00f3khoz, ami v\u00e9gs\u0151 soron jav\u00edtja a d\u00f6nt\u00e9shozatali folyamatokat.<\/p>\n\n\n\n<p>A val\u00f3s idej\u0171 jelent\u00e9sk\u00e9sz\u00edt\u00e9s \u00e9s elemz\u00e9s jelent\u0151sen jav\u00edtja a v\u00e1llalatok d\u00f6nt\u00e9shozatal\u00e1t, mivel lehet\u0151v\u00e9 teszi az adatok azonnali kidolgoz\u00e1s\u00e1t. A <strong>ThinkSmart ERP<\/strong> rendszerek gy\u0171jtik \u00e9s elemzik az adatokat, \u00edgy a vezet\u0151k mindig naprak\u00e9sz adatokkal rendelkeznek az \u00fczleti teljes\u00edtm\u00e9nyr\u0151l \u00e9s a piaci trendekr\u0151l. Ez a val\u00f3s idej\u0171 inform\u00e1ci\u00f3khoz val\u00f3 hozz\u00e1f\u00e9r\u00e9s lehet\u0151v\u00e9 teszi a gyors reakci\u00f3kat a piaci v\u00e1ltoz\u00e1sokra, \u00e9s el\u0151seg\u00edti a proakt\u00edv d\u00f6nt\u00e9shozatalt. A jelent\u00e9sek testreszab\u00e1sa lehet\u0151v\u00e9 teszi, hogy a v\u00e1llalatok a relev\u00e1ns adataikat kiemelj\u00e9k, hogy ne legyen zavar\u00f3 a sok felesleges adat a strat\u00e9giai tervez\u00e9s sor\u00e1n.<\/p>\n\n\n\n<p><\/p>\n\n\n<div class=\"wp-block-image\">\n<figure class=\"alignleft size-full is-resized\"><img loading=\"lazy\" decoding=\"async\" width=\"457\" height=\"273\" src=\"https:\/\/thinksmart.fejlesztokhaza.hu\/wp-content\/uploads\/2025\/02\/IMG8.png\" alt=\"\" class=\"wp-image-37\" style=\"width:403px;height:auto\" srcset=\"https:\/\/thinksmart.fejlesztokhaza.hu\/wp-content\/uploads\/2025\/02\/IMG8.png 457w, https:\/\/thinksmart.fejlesztokhaza.hu\/wp-content\/uploads\/2025\/02\/IMG8-300x179.png 300w\" sizes=\"auto, (max-width: 457px) 100vw, 457px\" \/><\/figure>\n<\/div>\n\n\n<p>Az ERP rendszerek t\u00e1mogatj\u00e1k a strat\u00e9giai tervez\u00e9st \u00e9s el\u0151rejelz\u00e9st az\u00e1ltal, hogy \u00e1tfog\u00f3 k\u00e9pet ny\u00fajtanak az \u00fczleti folyamatokr\u00f3l \u00e9s az er\u0151forr\u00e1sok el\u00e9rhet\u0151s\u00e9g\u00e9r\u0151l. A gy\u0171jt\u00f6tt adatok alapj\u00e1n a vezet\u0151k pontosabb el\u0151rejelz\u00e9seket k\u00e9sz\u00edthetnek a j\u00f6v\u0151beli teljes\u00edtm\u00e9nyr\u0151l \u00e9s piaci ig\u00e9nyekr\u0151l. Az ERP rendszerek nemcsak a m\u00faltbeli \u00e9s jelenlegi adatokat elemzik, hanem a j\u00f6v\u0151beli trendekre is figyelmet ford\u00edtanak, lehet\u0151v\u00e9 t\u00e9ve a hossz\u00fa t\u00e1v\u00fa tervez\u00e9st. Ezen adatok birtok\u00e1ban a v\u00e1llalatok k\u00e9pesek megalapozott d\u00f6nt\u00e9seket hozni, amelyek hatalmas seg\u00edts\u00e9g a fenntarthat\u00f3 n\u00f6veked\u00e9shez \u00e9s a versenyel\u0151ny meg\u0151rz\u00e9s\u00e9hez.<\/p>\n","protected":false},"excerpt":{"rendered":"<p>ERP, vagy v\u00e1llalatir\u00e1ny\u00edt\u00e1si rendszerek Az ERP rendszerek c\u00e9lja, hogy a c\u00e9gek alapvet\u0151 \u00fczleti folyamatait \u00e1tl\u00e1that\u00f3bb\u00e1 tegye, hogy k\u00f6nnyebb legyen menedzselni \u00e9s nyomon k\u00f6vetni a teljes szervezet munkafolyamatait \u00e9s ezzel megk\u00f6nny\u00edtse a d\u00f6nt\u00e9seket, k\u00f6nnyen \u00e1tl\u00e1that\u00f3, szem\u00e9lyre szabott fel\u00fcleteken. Az ERP szoftverek c\u00e9lja, hogy t\u00e1mogass\u00e1k a v\u00e1llalatok m\u0171k\u00f6d\u00e9s\u00e9t egy k\u00f6zponti platform r\u00e9v\u00e9n, amely biztos\u00edtja az adatok pontos [&hellip;]<\/p>\n","protected":false},"author":1,"featured_media":0,"parent":0,"menu_order":0,"comment_status":"closed","ping_status":"closed","template":"","meta":{"ocean_post_layout":"","ocean_both_sidebars_style":"","ocean_both_sidebars_content_width":0,"ocean_both_sidebars_sidebars_width":0,"ocean_sidebar":"","ocean_second_sidebar":"","ocean_disable_margins":"enable","ocean_add_body_class":"","ocean_shortcode_before_top_bar":"","ocean_shortcode_after_top_bar":"","ocean_shortcode_before_header":"","ocean_shortcode_after_header":"","ocean_has_shortcode":"","ocean_shortcode_after_title":"","ocean_shortcode_before_footer_widgets":"","ocean_shortcode_after_footer_widgets":"","ocean_shortcode_before_footer_bottom":"","ocean_shortcode_after_footer_bottom":"","ocean_display_top_bar":"default","ocean_display_header":"default","ocean_header_style":"","ocean_center_header_left_menu":"","ocean_custom_header_template":"","ocean_custom_logo":0,"ocean_custom_retina_logo":0,"ocean_custom_logo_max_width":0,"ocean_custom_logo_tablet_max_width":0,"ocean_custom_logo_mobile_max_width":0,"ocean_custom_logo_max_height":0,"ocean_custom_logo_tablet_max_height":0,"ocean_custom_logo_mobile_max_height":0,"ocean_header_custom_menu":"","ocean_menu_typo_font_family":"","ocean_menu_typo_font_subset":"","ocean_menu_typo_font_size":0,"ocean_menu_typo_font_size_tablet":0,"ocean_menu_typo_font_size_mobile":0,"ocean_menu_typo_font_size_unit":"px","ocean_menu_typo_font_weight":"","ocean_menu_typo_font_weight_tablet":"","ocean_menu_typo_font_weight_mobile":"","ocean_menu_typo_transform":"","ocean_menu_typo_transform_tablet":"","ocean_menu_typo_transform_mobile":"","ocean_menu_typo_line_height":0,"ocean_menu_typo_line_height_tablet":0,"ocean_menu_typo_line_height_mobile":0,"ocean_menu_typo_line_height_unit":"","ocean_menu_typo_spacing":0,"ocean_menu_typo_spacing_tablet":0,"ocean_menu_typo_spacing_mobile":0,"ocean_menu_typo_spacing_unit":"","ocean_menu_link_color":"","ocean_menu_link_color_hover":"","ocean_menu_link_color_active":"","ocean_menu_link_background":"","ocean_menu_link_hover_background":"","ocean_menu_link_active_background":"","ocean_menu_social_links_bg":"","ocean_menu_social_hover_links_bg":"","ocean_menu_social_links_color":"","ocean_menu_social_hover_links_color":"","ocean_disable_title":"default","ocean_disable_heading":"default","ocean_post_title":"","ocean_post_subheading":"","ocean_post_title_style":"","ocean_post_title_background_color":"","ocean_post_title_background":0,"ocean_post_title_bg_image_position":"","ocean_post_title_bg_image_attachment":"","ocean_post_title_bg_image_repeat":"","ocean_post_title_bg_image_size":"","ocean_post_title_height":0,"ocean_post_title_bg_overlay":0.5,"ocean_post_title_bg_overlay_color":"","ocean_disable_breadcrumbs":"default","ocean_breadcrumbs_color":"","ocean_breadcrumbs_separator_color":"","ocean_breadcrumbs_links_color":"","ocean_breadcrumbs_links_hover_color":"","ocean_display_footer_widgets":"default","ocean_display_footer_bottom":"default","ocean_custom_footer_template":"","footnotes":""},"class_list":["post-9","page","type-page","status-publish","hentry","entry"],"_links":{"self":[{"href":"https:\/\/thinksmart.fejlesztokhaza.hu\/index.php?rest_route=\/wp\/v2\/pages\/9","targetHints":{"allow":["GET"]}}],"collection":[{"href":"https:\/\/thinksmart.fejlesztokhaza.hu\/index.php?rest_route=\/wp\/v2\/pages"}],"about":[{"href":"https:\/\/thinksmart.fejlesztokhaza.hu\/index.php?rest_route=\/wp\/v2\/types\/page"}],"author":[{"embeddable":true,"href":"https:\/\/thinksmart.fejlesztokhaza.hu\/index.php?rest_route=\/wp\/v2\/users\/1"}],"replies":[{"embeddable":true,"href":"https:\/\/thinksmart.fejlesztokhaza.hu\/index.php?rest_route=%2Fwp%2Fv2%2Fcomments&post=9"}],"version-history":[{"count":3,"href":"https:\/\/thinksmart.fejlesztokhaza.hu\/index.php?rest_route=\/wp\/v2\/pages\/9\/revisions"}],"predecessor-version":[{"id":51,"href":"https:\/\/thinksmart.fejlesztokhaza.hu\/index.php?rest_route=\/wp\/v2\/pages\/9\/revisions\/51"}],"wp:attachment":[{"href":"https:\/\/thinksmart.fejlesztokhaza.hu\/index.php?rest_route=%2Fwp%2Fv2%2Fmedia&parent=9"}],"curies":[{"name":"wp","href":"https:\/\/api.w.org\/{rel}","templated":true}]}}